{"id":12467,"date":"2023-09-06T15:43:44","date_gmt":"2023-09-06T13:43:44","guid":{"rendered":"https:\/\/valentinalevant.com\/impressum\/"},"modified":"2023-09-06T17:21:09","modified_gmt":"2023-09-06T15:21:09","slug":"mentions-legales","status":"publish","type":"page","link":"https:\/\/valentinalevant.com\/fr\/mentions-legales\/","title":{"rendered":"Mentions l\u00e9gales"},"content":{"rendered":"\n<div style=\"height:50px\" aria-hidden=\"true\" class=\"wp-block-spacer\"><\/div>\n\n\n\n<h2 class=\"wp-block-heading\">Informations selon \u00a7 5 TMG<\/h2>\n\n\n\n<p>Valentina Levant<br>Naturopathe psychoth\u00e9rapeute<br>Coach de dirigeants<br>Gernsbacher Str. 1<br>76530 Baden-Baden<br>Allemagne<\/p>\n\n\n\n<div style=\"height:50px\" aria-hidden=\"true\" class=\"wp-block-spacer\"><\/div>\n\n\n\n<h2 class=\"wp-block-heading\">Contact<\/h2>\n\n\n\n<p>T\u00e9l\u00e9phone : +49 15251047744<br>Courrier \u00e9lectronique : info@valentinalevant.com<\/p>\n\n\n\n<div style=\"height:50px\" aria-hidden=\"true\" class=\"wp-block-spacer\"><\/div>\n\n\n\n<h2 class=\"wp-block-heading\">Num\u00e9ro d&rsquo;identification de la taxe sur le chiffre d&rsquo;affaires<\/h2>\n\n\n\n<p>Num\u00e9ro d&rsquo;identification de la taxe sur le chiffre d&rsquo;affaires conform\u00e9ment au \u00a7 27 a de la loi sur la taxe sur le chiffre d&rsquo;affaires :<br>DE01484137623<\/p>\n\n\n\n<div style=\"height:50px\" aria-hidden=\"true\" class=\"wp-block-spacer\"><\/div>\n\n\n\n<h2 class=\"wp-block-heading\">Responsable de la r\u00e9daction<\/h2>\n\n\n\n<p>Valentina Levant<\/p>\n\n\n\n<div style=\"height:50px\" aria-hidden=\"true\" class=\"wp-block-spacer\"><\/div>\n\n\n\n<h2 class=\"wp-block-heading\">Images<\/h2>\n\n\n\n<p>Toutes les images de ce blog ont \u00e9t\u00e9 officiellement achet\u00e9es. Les sources sont:<\/p>\n\n\n\n<p>canva.com<br>fotolia.de<\/p>\n\n\n\n<p><br>images personnelles<br>bossfight.com<\/p>\n\n\n\n<div style=\"height:50px\" aria-hidden=\"true\" class=\"wp-block-spacer\"><\/div>\n\n\n\n<h2 class=\"wp-block-heading\">Validit\u00e9<\/h2>\n\n\n\n<p>Les mentions l\u00e9gales sont \u00e9galement valables pour les profils de m\u00e9dias sociaux suivants:<\/p>\n\n\n\n<p>Facebook: https:\/\/www.facebook.com\/valentina.levant<br>Facebook: https:\/\/www.facebook.com\/profile.php?id=100003679638127<br>Twitter: https:\/\/twitter.com\/LevantCoaching<br>Xing: https:\/\/www.xing.com\/profile\/ValentinaKristina_Levant?sc_o=mxb_p<br>Linkedin: https:\/\/www.linkedin.com\/feed\/?trk=nav_back_to_linkedin<\/p>\n\n\n\n<div style=\"height:50px\" aria-hidden=\"true\" class=\"wp-block-spacer\"><\/div>\n\n\n\n<h2 class=\"wp-block-heading\">R\u00e8glement des litiges de l&rsquo;UE<\/h2>\n\n\n\n<p>La Commission europ\u00e9enne met \u00e0 disposition une plateforme de r\u00e8glement en ligne des litiges (RLL) : <a rel=\"noreferrer noopener\" href=\"https:\/\/ec.europa.eu\/consumers\/odr\/\" target=\"_blank\">https:\/\/ec.europa.eu\/consumers\/odr\/<\/a>.<br>Vous trouverez notre adresse e-mail en haut de la page des mentions l\u00e9gales.<\/p>\n\n\n\n<div style=\"height:50px\" aria-hidden=\"true\" class=\"wp-block-spacer\"><\/div>\n\n\n\n<h2 class=\"wp-block-heading\">R\u00e8glement des litiges de consommation\/organe universel de conciliation<\/h2>\n\n\n\n<p>Nous ne sommes pas pr\u00eats ou oblig\u00e9s de participer \u00e0 des proc\u00e9dures de r\u00e8glement des litiges devant un organisme de conciliation des consommateurs.<\/p>\n\n\n\n<div style=\"height:100px\" aria-hidden=\"true\" class=\"wp-block-spacer\"><\/div>\n","protected":false},"excerpt":{"rendered":"<p>Informations selon \u00a7 5 TMG Valentina LevantNaturopathe psychoth\u00e9rapeuteCoach de dirigeantsGernsbacher Str. 176530 Baden-BadenAllemagne Contact T\u00e9l\u00e9phone : +49 15251047744Courrier \u00e9lectronique : info@valentinalevant.com Num\u00e9ro d&rsquo;identification de la taxe sur le chiffre d&rsquo;affaires Num\u00e9ro d&rsquo;identification de la taxe sur le chiffre d&rsquo;affaires conform\u00e9ment au \u00a7 27 a de la loi sur la taxe sur le chiffre d&rsquo;affaires :DE01484137623 [&hellip;]<\/p>\n","protected":false},"author":1,"featured_media":0,"parent":0,"menu_order":0,"comment_status":"closed","ping_status":"closed","template":"","meta":{"_et_pb_use_builder":"off","_et_pb_old_content":"","_et_gb_content_width":"1080","footnotes":""},"class_list":["post-12467","page","type-page","status-publish","hentry"],"yoast_head":"<!-- This site is optimized with the Yoast SEO plugin v27.4 - https:\/\/yoast.com\/product\/yoast-seo-wordpress\/ -->\n<title>Mentions l\u00e9gales - Valentina Levant<\/title>\n<meta name=\"robots\" content=\"noindex, follow\" \/>\n<meta property=\"og:locale\" content=\"fr_FR\" \/>\n<meta property=\"og:type\" content=\"article\" \/>\n<meta property=\"og:title\" content=\"Mentions l\u00e9gales - Valentina Levant\" \/>\n<meta property=\"og:description\" content=\"Informations selon \u00a7 5 TMG Valentina LevantNaturopathe psychoth\u00e9rapeuteCoach de dirigeantsGernsbacher Str. 176530 Baden-BadenAllemagne Contact T\u00e9l\u00e9phone : +49 15251047744Courrier \u00e9lectronique : info@valentinalevant.com Num\u00e9ro d&rsquo;identification de la taxe sur le chiffre d&rsquo;affaires Num\u00e9ro d&rsquo;identification de la taxe sur le chiffre d&rsquo;affaires conform\u00e9ment au \u00a7 27 a de la loi sur la taxe sur le chiffre d&rsquo;affaires :DE01484137623 [&hellip;]\" \/>\n<meta property=\"og:url\" content=\"https:\/\/valentinalevant.com\/fr\/mentions-legales\/\" \/>\n<meta property=\"og:site_name\" content=\"Valentina Levant\" \/>\n<meta property=\"article:modified_time\" content=\"2023-09-06T15:21:09+00:00\" \/>\n<meta name=\"twitter:card\" content=\"summary_large_image\" \/>\n<meta name=\"twitter:label1\" content=\"Dur\u00e9e de lecture estim\u00e9e\" \/>\n\t<meta name=\"twitter:data1\" content=\"1 minute\" \/>\n<script type=\"application\/ld+json\" class=\"yoast-schema-graph\">{\"@context\":\"https:\\\/\\\/schema.org\",\"@graph\":[{\"@type\":\"WebPage\",\"@id\":\"https:\\\/\\\/valentinalevant.com\\\/fr\\\/mentions-legales\\\/\",\"url\":\"https:\\\/\\\/valentinalevant.com\\\/fr\\\/mentions-legales\\\/\",\"name\":\"Mentions l\u00e9gales - Valentina Levant\",\"isPartOf\":{\"@id\":\"https:\\\/\\\/valentinalevant.com\\\/#website\"},\"datePublished\":\"2023-09-06T13:43:44+00:00\",\"dateModified\":\"2023-09-06T15:21:09+00:00\",\"breadcrumb\":{\"@id\":\"https:\\\/\\\/valentinalevant.com\\\/fr\\\/mentions-legales\\\/#breadcrumb\"},\"inLanguage\":\"fr-FR\",\"potentialAction\":[{\"@type\":\"ReadAction\",\"target\":[\"https:\\\/\\\/valentinalevant.com\\\/fr\\\/mentions-legales\\\/\"]}]},{\"@type\":\"BreadcrumbList\",\"@id\":\"https:\\\/\\\/valentinalevant.com\\\/fr\\\/mentions-legales\\\/#breadcrumb\",\"itemListElement\":[{\"@type\":\"ListItem\",\"position\":1,\"name\":\"Startseite\",\"item\":\"https:\\\/\\\/valentinalevant.com\\\/fr\\\/page-daccueil\\\/\"},{\"@type\":\"ListItem\",\"position\":2,\"name\":\"Mentions l\u00e9gales\"}]},{\"@type\":\"WebSite\",\"@id\":\"https:\\\/\\\/valentinalevant.com\\\/#website\",\"url\":\"https:\\\/\\\/valentinalevant.com\\\/\",\"name\":\"Valentina Levant\",\"description\":\"Psychoth\u00e9rapie &amp; Coaching\",\"publisher\":{\"@id\":\"https:\\\/\\\/valentinalevant.com\\\/#organization\"},\"potentialAction\":[{\"@type\":\"SearchAction\",\"target\":{\"@type\":\"EntryPoint\",\"urlTemplate\":\"https:\\\/\\\/valentinalevant.com\\\/?s={search_term_string}\"},\"query-input\":{\"@type\":\"PropertyValueSpecification\",\"valueRequired\":true,\"valueName\":\"search_term_string\"}}],\"inLanguage\":\"fr-FR\"},{\"@type\":\"Organization\",\"@id\":\"https:\\\/\\\/valentinalevant.com\\\/#organization\",\"name\":\"Valentina Levant\",\"url\":\"https:\\\/\\\/valentinalevant.com\\\/\",\"logo\":{\"@type\":\"ImageObject\",\"inLanguage\":\"fr-FR\",\"@id\":\"https:\\\/\\\/valentinalevant.com\\\/#\\\/schema\\\/logo\\\/image\\\/\",\"url\":\"https:\\\/\\\/valentinalevant.com\\\/wp-content\\\/uploads\\\/2023\\\/04\\\/Logo.png\",\"contentUrl\":\"https:\\\/\\\/valentinalevant.com\\\/wp-content\\\/uploads\\\/2023\\\/04\\\/Logo.png\",\"width\":500,\"height\":500,\"caption\":\"Valentina Levant\"},\"image\":{\"@id\":\"https:\\\/\\\/valentinalevant.com\\\/#\\\/schema\\\/logo\\\/image\\\/\"}}]}<\/script>\n<!-- \/ Yoast SEO plugin. -->","yoast_head_json":{"title":"Mentions l\u00e9gales - Valentina Levant","robots":{"index":"noindex","follow":"follow"},"og_locale":"fr_FR","og_type":"article","og_title":"Mentions l\u00e9gales - Valentina Levant","og_description":"Informations selon \u00a7 5 TMG Valentina LevantNaturopathe psychoth\u00e9rapeuteCoach de dirigeantsGernsbacher Str. 176530 Baden-BadenAllemagne Contact T\u00e9l\u00e9phone : +49 15251047744Courrier \u00e9lectronique : info@valentinalevant.com Num\u00e9ro d&rsquo;identification de la taxe sur le chiffre d&rsquo;affaires Num\u00e9ro d&rsquo;identification de la taxe sur le chiffre d&rsquo;affaires conform\u00e9ment au \u00a7 27 a de la loi sur la taxe sur le chiffre d&rsquo;affaires :DE01484137623 [&hellip;]","og_url":"https:\/\/valentinalevant.com\/fr\/mentions-legales\/","og_site_name":"Valentina Levant","article_modified_time":"2023-09-06T15:21:09+00:00","twitter_card":"summary_large_image","twitter_misc":{"Dur\u00e9e de lecture estim\u00e9e":"1 minute"},"schema":{"@context":"https:\/\/schema.org","@graph":[{"@type":"WebPage","@id":"https:\/\/valentinalevant.com\/fr\/mentions-legales\/","url":"https:\/\/valentinalevant.com\/fr\/mentions-legales\/","name":"Mentions l\u00e9gales - Valentina Levant","isPartOf":{"@id":"https:\/\/valentinalevant.com\/#website"},"datePublished":"2023-09-06T13:43:44+00:00","dateModified":"2023-09-06T15:21:09+00:00","breadcrumb":{"@id":"https:\/\/valentinalevant.com\/fr\/mentions-legales\/#breadcrumb"},"inLanguage":"fr-FR","potentialAction":[{"@type":"ReadAction","target":["https:\/\/valentinalevant.com\/fr\/mentions-legales\/"]}]},{"@type":"BreadcrumbList","@id":"https:\/\/valentinalevant.com\/fr\/mentions-legales\/#breadcrumb","itemListElement":[{"@type":"ListItem","position":1,"name":"Startseite","item":"https:\/\/valentinalevant.com\/fr\/page-daccueil\/"},{"@type":"ListItem","position":2,"name":"Mentions l\u00e9gales"}]},{"@type":"WebSite","@id":"https:\/\/valentinalevant.com\/#website","url":"https:\/\/valentinalevant.com\/","name":"Valentina Levant","description":"Psychoth\u00e9rapie &amp; Coaching","publisher":{"@id":"https:\/\/valentinalevant.com\/#organization"},"potentialAction":[{"@type":"SearchAction","target":{"@type":"EntryPoint","urlTemplate":"https:\/\/valentinalevant.com\/?s={search_term_string}"},"query-input":{"@type":"PropertyValueSpecification","valueRequired":true,"valueName":"search_term_string"}}],"inLanguage":"fr-FR"},{"@type":"Organization","@id":"https:\/\/valentinalevant.com\/#organization","name":"Valentina Levant","url":"https:\/\/valentinalevant.com\/","logo":{"@type":"ImageObject","inLanguage":"fr-FR","@id":"https:\/\/valentinalevant.com\/#\/schema\/logo\/image\/","url":"https:\/\/valentinalevant.com\/wp-content\/uploads\/2023\/04\/Logo.png","contentUrl":"https:\/\/valentinalevant.com\/wp-content\/uploads\/2023\/04\/Logo.png","width":500,"height":500,"caption":"Valentina Levant"},"image":{"@id":"https:\/\/valentinalevant.com\/#\/schema\/logo\/image\/"}}]}},"_links":{"self":[{"href":"https:\/\/valentinalevant.com\/fr\/wp-json\/wp\/v2\/pages\/12467","targetHints":{"allow":["GET"]}}],"collection":[{"href":"https:\/\/valentinalevant.com\/fr\/wp-json\/wp\/v2\/pages"}],"about":[{"href":"https:\/\/valentinalevant.com\/fr\/wp-json\/wp\/v2\/types\/page"}],"author":[{"embeddable":true,"href":"https:\/\/valentinalevant.com\/fr\/wp-json\/wp\/v2\/users\/1"}],"replies":[{"embeddable":true,"href":"https:\/\/valentinalevant.com\/fr\/wp-json\/wp\/v2\/comments?post=12467"}],"version-history":[{"count":2,"href":"https:\/\/valentinalevant.com\/fr\/wp-json\/wp\/v2\/pages\/12467\/revisions"}],"predecessor-version":[{"id":12477,"href":"https:\/\/valentinalevant.com\/fr\/wp-json\/wp\/v2\/pages\/12467\/revisions\/12477"}],"wp:attachment":[{"href":"https:\/\/valentinalevant.com\/fr\/wp-json\/wp\/v2\/media?parent=12467"}],"curies":[{"name":"wp","href":"https:\/\/api.w.org\/{rel}","templated":true}]}}